{"id":97,"date":"2020-05-13T17:51:38","date_gmt":"2020-05-13T17:51:38","guid":{"rendered":"https:\/\/www.timesharestop.be\/?page_id=97"},"modified":"2022-10-21T11:30:02","modified_gmt":"2022-10-21T11:30:02","slug":"aanpak","status":"publish","type":"page","link":"https:\/\/www.timesharestop.be\/de\/aanpak\/","title":{"rendered":"Ansatz"},"content":{"rendered":"<p class=\" translation-block\">Wir sind an drei Fronten aktiv: Zwei davon sollen Lesage-Lambinus BV (den alten Timesharestop) und die Verantwortlichen vor Gericht bringen, und die Dritte betrifft Hilfe bei der K\u00fcndigung von Timesharing-Vertr\u00e4gen <b>nicht<\/b> der K\u00fcndigung selbst).<\/p>\n\n\n\n<p><br><strong>1. Zivilverfahren<\/strong><br>Lesage-Lambinus BV (LB) hat seine Verpflichtungen gegen\u00fcber seinen Kunden nicht erf\u00fcllt. Deshalb soll LB eine Verzugsmitteilung bekommen und dabei zur Vertragserf\u00fcllung aufgefordert werden, andernfalls, zur Entsch\u00e4digung bestellt werden. Wenn keine zufriedenstellende Antwort vorliegt, folgt eine Vorladung vor dem Zivilgericht (in Belgien). Diese Klage f\u00fchrt zur Insolvenz und ein Insolvenzverwalter wird ernannt werden. Wir alle \u00fcbermitteln ihm unsere Anspr\u00fcche (einschlie\u00dflich Verzugsmitteilung). Wir gehen davon aus, dass der Insolvenzverwalter einen Missstand in der Verwaltungst\u00e4tigkeit des Verwaltungsrats (RdV und EtH) feststellt und diese Direktoren \u2013 hoffentlich - haftbar macht. Dies f\u00fchrt dann zu einem Zivilverfahren, in dem wir uns mit unseren Schadensersatzanspr\u00fcchen anschlie\u00dfen.<br>Es ist wichtig, dass Sie auch eine Verzugsmitteilung an LB senden. Diesbez\u00fcglich finden Sie <a rel=\"noreferrer noopener\" href=\"https:\/\/www.timesharestop.be\/wp-content\/uploads\/2020\/05\/Musterschreiben-Verzug-2020.05.24.docx\" target=\"_blank\">hier <\/a>ein Beispiel inklusive Erkl\u00e4rung.<\/p>\n\n\n\n<p class=\"has-text-align-center\"><br><em><strong>NEUESTE NACHRICHTEN<\/strong>:<\/em> <br>Inmiddels is het faillissement van Lesage Lambinus BV uitgesproken en een curator benoemd. In de in Belgi\u00eb lopende strafzaak tegen  R de V en E ter H zal op 2 november 2022 vonnis worden gewezen. Het OM heeft serieuze vrijheidsstraffen ge\u00ebist. Wordt vervolgd&#8230; <\/p>\n\n\n\n<p><br><strong>2. Strafverfahren.<\/strong><br>Es wurde bereits in gro\u00dfem Umfang Strafanzeige wegen Betruges gegen R. de V. und E. ter H. gestellt, sodass die Polizei Ermittlungen eingeleitet hat. Sobald dies abgeschlossen ist, wird klar, ob eine Klage m\u00f6glich ist. In diesem Fall wird es ein Strafverfahren geben, in dem wir uns als Gesch\u00e4digter anschlie\u00dfen und die Einf\u00fchrung einer sogenannten Entsch\u00e4digungsma\u00dfnahme fordern k\u00f6nnen. Dies ist unabh\u00e4ngig von Ihrer Nationalit\u00e4t und auch davon, ob Sie eine Anzeige erstattet haben oder nicht. M\u00f6gliche Erben haben auch das Recht, sich in einer solchen Prozedur anzuschlie\u00dfen. <br>Wenn der Staatsanwalt beschlie\u00dft, keine Strafverfolgung einzuleiten, k\u00f6nnen wir eine schriftliche Beschwerde beim Gerichtshof einreichen, f\u00fcr die kein Anwalt erforderlich ist (Art. 12 Sv.).<br>Die Staatsanwaltschaft ist mit der Umsetzung einer auferlegten Entsch\u00e4digungsma\u00dfnahme beauftragt.<br>Und: <br>auch jetzt noch sind neue Erkl\u00e4rungen mehr als notwendig und willkommen. Wir helfen Ihnen gerne dabei.<br><\/p>\n\n\n\n<p><br><strong>3. Hilfe bei der K\u00fcndigung von Timeshare-Vertr\u00e4gen.<\/strong><br>Warnung: Es gibt viele Anw\u00e4lte, Berater usw., die sich mit der Nachricht an Sie wenden, dass sie Sie von Ihrem Timesharing abbringen k\u00f6nnen. Laut einigen Agenturen k\u00f6nnen Sie sogar das Doppelte Ihrer Bezahlung erhalten! Sie m\u00fcssen zuerst einen Betrag bezahlen ... <br>Manchmal geht es sogar so weit, dass Ihr Geld aufgrund einer Gerichtsentscheidung bereits f\u00fcr sie fertig steht, vorausgesetzt, Sie m\u00f6chten zuerst 9,2% dieses Betrags \u00fcberweisen\u2026 ach ja, und bitte auch noch was f\u00fcr die Steuer. Sie fallen - selbstverst\u00e4ndlich - nicht darauf herein!<br>Negative und positive Erfahrungen in diesem Bereich werden innerhalb unserer Gruppe ausgetauscht. Dies hat bereits mehrfach gezeigt, dass Timesharing-Inhaber derselben Resorts davon profitieren k\u00f6nnen.<br>Wir haben auch gute Vereinbarungen mit einer externen Partei getroffen, falls Sie die Aufl\u00f6sung Ihres Timesharing weiterhin auslagern m\u00f6chten. <br><a href=\"mailto:opgelicht@timesharestop.be\" target=\"_blank\" rel=\"noreferrer noopener\">Mailen<\/a> Sie uns, wenn Sie weitere Informationen w\u00fcnschen.<\/p>\n\n\n\n<p><\/p>\n\n\n\n<p>                                                                                                                                       <\/p>\n\n\n\n<p><\/p>\n\n\n\n<p><br><br><strong>Was k\u00f6nnen Sie tun?<\/strong><br>Neben der Anzeige und dem Versenden der Verzugsmitteilung k\u00f6nnen Sie uns Daten zur Verf\u00fcgung stellen, mit denen wir unsere Ziele erreichen wollen:<br>1. den offiziellen Bericht Ihrer Anzeige<br>2. das Datum des Versands Ihrer Inverzugsetzung<br>3. der mit dem alten TSStop geschlossene Dienstleistungsvertrag<br>4. Zahlungsnachweis an den alten TSstop <br>5. Daten zu Ihrem Timesharing: von wem gekauft, wann, was (echtes Timesharing oder Teilnahme, Aktien), wo (Stadt, Bundesland, Land)<br>6. Haben Sie eine Rechtsschutzversicherung und wenn ja, hat diese Ihren Fall akzeptiert?<br><br>Diese Daten werden vertraulich behandelt, mit niemandem geteilt und in einer \u00dcbersicht verarbeitet, die alle Angeschlossenen erhalten (ohne die Betr\u00e4ge, die jeder einzeln an den alten TSstop gezahlt hat; nur die Gesamtsumme). <br>Die Polizei bekommt auch diesen \u00dcberblick.<\/p>\n\n\n\n<p class=\" translation-block\"><br><br><strong>Haben Sie weiteren Fragen?<\/strong> <br>\nF\u00fchlen Sie sich frei, uns zu <a href=\"mailto:opgelicht@timesharestop.nl\" target=\"_blank\" rel=\"noreferrer noopener\">mailen<\/a>.<\/p>\n\n\n\n<p><\/p>\n\n\n\n<p><\/p>\n\n\n\n<p><\/p>\n\n\n\n<p><\/p>\n\n\n\n<p><\/p>\n\n\n\n<p><\/p>\n\n\n\n<p><\/p>\n\n\n\n<p><\/p>\n\n\n\n<p><\/p>\n\n\n\n<p><\/p>\n\n\n\n<p><\/p>\n\n\n\n<p><\/p>\n\n\n\n<p><\/p>\n\n\n\n<p><\/p>","protected":false},"excerpt":{"rendered":"<p>Op drie fronten zijn wij actief: twee daarvan beogen Lesage-Lambinus BV (het oude Timesharestop) en de verantwoordelijken daarachter voor de rechter te krijgen en het derde betreft hulp bij het ontbinden van timesharecontracten (dus niet het ontbinden daarvan zelf). 1. Civielrechtelijke procedure.Lesage-Lambinus BV (LB) is haar verplichtingen tegenover haar klanten niet nagekomen. Derhalve moeten ze [&hellip;]<\/p>","protected":false},"author":2,"featured_media":0,"parent":0,"menu_order":0,"comment_status":"closed","ping_status":"closed","template":"","meta":{"footnotes":""},"yoast_head":"<!-- This site is optimized with the Yoast SEO plugin v17.1 - https:\/\/yoast.com\/wordpress\/plugins\/seo\/ -->\n<title>Aanpak - Stop TimeshareStop &#039;20<\/title>\n<meta name=\"robots\" content=\"index, follow, max-snippet:-1, max-image-preview:large, max-video-preview:-1\" \/>\n<link rel=\"canonical\" href=\"https:\/\/www.timesharestop.be\/de\/aanpak\/\" \/>\n<meta property=\"og:locale\" content=\"de_DE\" \/>\n<meta property=\"og:type\" content=\"article\" \/>\n<meta property=\"og:title\" content=\"Aanpak - Stop TimeshareStop &#039;20\" \/>\n<meta property=\"og:description\" content=\"Op drie fronten zijn wij actief: twee daarvan beogen Lesage-Lambinus BV (het oude Timesharestop) en de verantwoordelijken daarachter voor de rechter te krijgen en het derde betreft hulp bij het ontbinden van timesharecontracten (dus niet het ontbinden daarvan zelf). 1. Civielrechtelijke procedure.Lesage-Lambinus BV (LB) is haar verplichtingen tegenover haar klanten niet nagekomen. Derhalve moeten ze [&hellip;]\" \/>\n<meta property=\"og:url\" content=\"https:\/\/www.timesharestop.be\/de\/aanpak\/\" \/>\n<meta property=\"og:site_name\" content=\"Stop TimeshareStop &#039;20\" \/>\n<meta property=\"article:modified_time\" content=\"2022-10-21T11:30:02+00:00\" \/>\n<meta name=\"twitter:card\" content=\"summary_large_image\" \/>\n<meta name=\"twitter:label1\" content=\"Gesch\u00e4tzte Lesezeit\" \/>\n\t<meta name=\"twitter:data1\" content=\"3\u00a0Minuten\" \/>\n<script type=\"application\/ld+json\" class=\"yoast-schema-graph\">{\"@context\":\"https:\/\/schema.org\",\"@graph\":[{\"@type\":\"WebSite\",\"@id\":\"https:\/\/www.timesharestop.be\/de\/#website\",\"url\":\"https:\/\/www.timesharestop.be\/de\/\",\"name\":\"Stop TimeshareStop &#039;20\",\"description\":\"Timesharestop-gedupeerden verenigd\",\"potentialAction\":[{\"@type\":\"SearchAction\",\"target\":{\"@type\":\"EntryPoint\",\"urlTemplate\":\"https:\/\/www.timesharestop.be\/de\/?s={search_term_string}\"},\"query-input\":\"required name=search_term_string\"}],\"inLanguage\":\"de\"},{\"@type\":\"WebPage\",\"@id\":\"https:\/\/www.timesharestop.be\/de\/aanpak\/#webpage\",\"url\":\"https:\/\/www.timesharestop.be\/de\/aanpak\/\",\"name\":\"Aanpak - Stop TimeshareStop &#039;20\",\"isPartOf\":{\"@id\":\"https:\/\/www.timesharestop.be\/de\/#website\"},\"datePublished\":\"2020-05-13T17:51:38+00:00\",\"dateModified\":\"2022-10-21T11:30:02+00:00\",\"breadcrumb\":{\"@id\":\"https:\/\/www.timesharestop.be\/de\/aanpak\/#breadcrumb\"},\"inLanguage\":\"de\",\"potentialAction\":[{\"@type\":\"ReadAction\",\"target\":[\"https:\/\/www.timesharestop.be\/de\/aanpak\/\"]}]},{\"@type\":\"BreadcrumbList\",\"@id\":\"https:\/\/www.timesharestop.be\/de\/aanpak\/#breadcrumb\",\"itemListElement\":[{\"@type\":\"ListItem\",\"position\":1,\"name\":\"Home\",\"item\":\"https:\/\/www.timesharestop.be\/de\/\"},{\"@type\":\"ListItem\",\"position\":2,\"name\":\"Aanpak\"}]}]}<\/script>\n<!-- \/ Yoast SEO plugin. -->","yoast_head_json":{"title":"Aanpak - Stop TimeshareStop &#039;20","robots":{"index":"index","follow":"follow","max-snippet":"max-snippet:-1","max-image-preview":"max-image-preview:large","max-video-preview":"max-video-preview:-1"},"canonical":"https:\/\/www.timesharestop.be\/de\/aanpak\/","og_locale":"de_DE","og_type":"article","og_title":"Aanpak - Stop TimeshareStop &#039;20","og_description":"Op drie fronten zijn wij actief: twee daarvan beogen Lesage-Lambinus BV (het oude Timesharestop) en de verantwoordelijken daarachter voor de rechter te krijgen en het derde betreft hulp bij het ontbinden van timesharecontracten (dus niet het ontbinden daarvan zelf). 1. Civielrechtelijke procedure.Lesage-Lambinus BV (LB) is haar verplichtingen tegenover haar klanten niet nagekomen. Derhalve moeten ze [&hellip;]","og_url":"https:\/\/www.timesharestop.be\/de\/aanpak\/","og_site_name":"Stop TimeshareStop &#039;20","article_modified_time":"2022-10-21T11:30:02+00:00","twitter_card":"summary_large_image","twitter_misc":{"Gesch\u00e4tzte Lesezeit":"3\u00a0Minuten"},"schema":{"@context":"https:\/\/schema.org","@graph":[{"@type":"WebSite","@id":"https:\/\/www.timesharestop.be\/de\/#website","url":"https:\/\/www.timesharestop.be\/de\/","name":"Stop TimeshareStop &#039;20","description":"Timesharestop-gedupeerden verenigd","potentialAction":[{"@type":"SearchAction","target":{"@type":"EntryPoint","urlTemplate":"https:\/\/www.timesharestop.be\/de\/?s={search_term_string}"},"query-input":"required name=search_term_string"}],"inLanguage":"de"},{"@type":"WebPage","@id":"https:\/\/www.timesharestop.be\/de\/aanpak\/#webpage","url":"https:\/\/www.timesharestop.be\/de\/aanpak\/","name":"Aanpak - Stop TimeshareStop &#039;20","isPartOf":{"@id":"https:\/\/www.timesharestop.be\/de\/#website"},"datePublished":"2020-05-13T17:51:38+00:00","dateModified":"2022-10-21T11:30:02+00:00","breadcrumb":{"@id":"https:\/\/www.timesharestop.be\/de\/aanpak\/#breadcrumb"},"inLanguage":"de","potentialAction":[{"@type":"ReadAction","target":["https:\/\/www.timesharestop.be\/de\/aanpak\/"]}]},{"@type":"BreadcrumbList","@id":"https:\/\/www.timesharestop.be\/de\/aanpak\/#breadcrumb","itemListElement":[{"@type":"ListItem","position":1,"name":"Home","item":"https:\/\/www.timesharestop.be\/de\/"},{"@type":"ListItem","position":2,"name":"Aanpak"}]}]}},"_links":{"self":[{"href":"https:\/\/www.timesharestop.be\/de\/wp-json\/wp\/v2\/pages\/97"}],"collection":[{"href":"https:\/\/www.timesharestop.be\/de\/wp-json\/wp\/v2\/pages"}],"about":[{"href":"https:\/\/www.timesharestop.be\/de\/wp-json\/wp\/v2\/types\/page"}],"author":[{"embeddable":true,"href":"https:\/\/www.timesharestop.be\/de\/wp-json\/wp\/v2\/users\/2"}],"replies":[{"embeddable":true,"href":"https:\/\/www.timesharestop.be\/de\/wp-json\/wp\/v2\/comments?post=97"}],"version-history":[{"count":43,"href":"https:\/\/www.timesharestop.be\/de\/wp-json\/wp\/v2\/pages\/97\/revisions"}],"predecessor-version":[{"id":188,"href":"https:\/\/www.timesharestop.be\/de\/wp-json\/wp\/v2\/pages\/97\/revisions\/188"}],"wp:attachment":[{"href":"https:\/\/www.timesharestop.be\/de\/wp-json\/wp\/v2\/media?parent=97"}],"curies":[{"name":"wp","href":"https:\/\/api.w.org\/{rel}","templated":true}]}}