{"id":7,"date":"2020-04-29T14:03:31","date_gmt":"2020-04-29T14:03:31","guid":{"rendered":"http:\/\/timesharestop.be\/?page_id=7"},"modified":"2020-08-05T22:28:28","modified_gmt":"2020-08-05T22:28:28","slug":"over-ons","status":"publish","type":"page","link":"https:\/\/www.timesharestop.be\/de\/over-ons\/","title":{"rendered":"\u00dcber uns"},"content":{"rendered":"<p>Wir, jetzt mehr als 130 Opfer von Timesharestop et.al. (2014-2019), haben uns zusammengeschlossen, nachdem wir unangek\u00fcndigt den Stecker dieser Firma gezogen hatten. <br>Wir versuchen jetzt gemeinsam die Verantwortlichen verfolgt und verurteilt zu bekommen. Wie werden auch versuchen  Schadenersatz zu fordern.\u00a0 <br><br>Zu diesem Zweck haben wir die Domainnamen von Timesharestop in Belgien (seit dem 1. M\u00e4rz 2020) und den Niederlanden (seit dem 19. April 2020) erhalten und die Websites www.timesharestop.be und .nl wieder online gestellt. Beispielsweise erhalten wir jetzt die E-Mails, die an Timesharestop gesendet werden. Auf diese Weise k\u00f6nnen wir andere Opfer, Menschen, die noch auf Ergebnisse warten, fangen und E-Mails senden, um nach dem Stand der Dinge zu fragen.<br>Wir k\u00f6nnen diese Website auch verwenden, um zu verhindern, dass Menschen in die H\u00e4nde der Vorbesitzer von Timesharestop oder anderer Fantasisten fallen, die (f\u00fcr viel Geld) alles versprechen, ohne liefern zu k\u00f6nnen. <br>Wir sammeln so viele Informationen wie m\u00f6glich \u00fcber die angeblichen Dienstleistungen von Timesharestop und \u00fcber den Weihnachtsbaum der Unternehmen, an denen die Herren teilnehmen.<br><br>Die Polizei ist sich all unserer Aktivit\u00e4ten bewusst und wir teilen ihnen unsere Erkenntnisse mit.<br><br>Es ist wichtig, dass Sie sich uns anschlie\u00dfen. Wir glauben das nicht nur, sondern auch die Polizei.<\/p>\n\n\n\n<p><br><\/p>","protected":false},"excerpt":{"rendered":"<p>Wij, nu meer dan 130 door Timesharestop (2014-2019) c.s. gedupeerden, hebben ons \u00a0verenigd nadat onaangekondigd de stekker uit dat bedrijf werd getrokken. We proberen nu gezamenlijk degenen die hiervoor verantwoordelijk zijn vervolgd en veroordeeld te krijgen. Tevens proberen we daarbij onze schade vergoed te krijgen.\u00a0 Met dat doel voor ogen hebben we onder meer de [&hellip;]<\/p>","protected":false},"author":1,"featured_media":0,"parent":0,"menu_order":0,"comment_status":"closed","ping_status":"closed","template":"","meta":{"footnotes":""},"yoast_head":"<!-- This site is optimized with the Yoast SEO plugin v17.1 - https:\/\/yoast.com\/wordpress\/plugins\/seo\/ -->\n<title>Over ons - Stop TimeshareStop &#039;20<\/title>\n<meta name=\"robots\" content=\"index, follow, max-snippet:-1, max-image-preview:large, max-video-preview:-1\" \/>\n<link rel=\"canonical\" href=\"https:\/\/www.timesharestop.be\/de\/over-ons\/\" \/>\n<meta property=\"og:locale\" content=\"de_DE\" \/>\n<meta property=\"og:type\" content=\"article\" \/>\n<meta property=\"og:title\" content=\"Over ons - Stop TimeshareStop &#039;20\" \/>\n<meta property=\"og:description\" content=\"Wij, nu meer dan 130 door Timesharestop (2014-2019) c.s. gedupeerden, hebben ons \u00a0verenigd nadat onaangekondigd de stekker uit dat bedrijf werd getrokken. We proberen nu gezamenlijk degenen die hiervoor verantwoordelijk zijn vervolgd en veroordeeld te krijgen. Tevens proberen we daarbij onze schade vergoed te krijgen.\u00a0 Met dat doel voor ogen hebben we onder meer de [&hellip;]\" \/>\n<meta property=\"og:url\" content=\"https:\/\/www.timesharestop.be\/de\/over-ons\/\" \/>\n<meta property=\"og:site_name\" content=\"Stop TimeshareStop &#039;20\" \/>\n<meta property=\"article:modified_time\" content=\"2020-08-05T22:28:28+00:00\" \/>\n<meta name=\"twitter:card\" content=\"summary_large_image\" \/>\n<meta name=\"twitter:label1\" content=\"Gesch\u00e4tzte Lesezeit\" \/>\n\t<meta name=\"twitter:data1\" content=\"1\u00a0Minute\" \/>\n<script type=\"application\/ld+json\" class=\"yoast-schema-graph\">{\"@context\":\"https:\/\/schema.org\",\"@graph\":[{\"@type\":\"WebSite\",\"@id\":\"https:\/\/www.timesharestop.be\/de\/#website\",\"url\":\"https:\/\/www.timesharestop.be\/de\/\",\"name\":\"Stop TimeshareStop &#039;20\",\"description\":\"Timesharestop-gedupeerden verenigd\",\"potentialAction\":[{\"@type\":\"SearchAction\",\"target\":{\"@type\":\"EntryPoint\",\"urlTemplate\":\"https:\/\/www.timesharestop.be\/de\/?s={search_term_string}\"},\"query-input\":\"required name=search_term_string\"}],\"inLanguage\":\"de\"},{\"@type\":\"WebPage\",\"@id\":\"https:\/\/www.timesharestop.be\/de\/over-ons\/#webpage\",\"url\":\"https:\/\/www.timesharestop.be\/de\/over-ons\/\",\"name\":\"Over ons - Stop TimeshareStop &#039;20\",\"isPartOf\":{\"@id\":\"https:\/\/www.timesharestop.be\/de\/#website\"},\"datePublished\":\"2020-04-29T14:03:31+00:00\",\"dateModified\":\"2020-08-05T22:28:28+00:00\",\"breadcrumb\":{\"@id\":\"https:\/\/www.timesharestop.be\/de\/over-ons\/#breadcrumb\"},\"inLanguage\":\"de\",\"potentialAction\":[{\"@type\":\"ReadAction\",\"target\":[\"https:\/\/www.timesharestop.be\/de\/over-ons\/\"]}]},{\"@type\":\"BreadcrumbList\",\"@id\":\"https:\/\/www.timesharestop.be\/de\/over-ons\/#breadcrumb\",\"itemListElement\":[{\"@type\":\"ListItem\",\"position\":1,\"name\":\"Home\",\"item\":\"https:\/\/www.timesharestop.be\/de\/\"},{\"@type\":\"ListItem\",\"position\":2,\"name\":\"Over ons\"}]}]}<\/script>\n<!-- \/ Yoast SEO plugin. -->","yoast_head_json":{"title":"Over ons - Stop TimeshareStop &#039;20","robots":{"index":"index","follow":"follow","max-snippet":"max-snippet:-1","max-image-preview":"max-image-preview:large","max-video-preview":"max-video-preview:-1"},"canonical":"https:\/\/www.timesharestop.be\/de\/over-ons\/","og_locale":"de_DE","og_type":"article","og_title":"Over ons - Stop TimeshareStop &#039;20","og_description":"Wij, nu meer dan 130 door Timesharestop (2014-2019) c.s. gedupeerden, hebben ons \u00a0verenigd nadat onaangekondigd de stekker uit dat bedrijf werd getrokken. We proberen nu gezamenlijk degenen die hiervoor verantwoordelijk zijn vervolgd en veroordeeld te krijgen. Tevens proberen we daarbij onze schade vergoed te krijgen.\u00a0 Met dat doel voor ogen hebben we onder meer de [&hellip;]","og_url":"https:\/\/www.timesharestop.be\/de\/over-ons\/","og_site_name":"Stop TimeshareStop &#039;20","article_modified_time":"2020-08-05T22:28:28+00:00","twitter_card":"summary_large_image","twitter_misc":{"Gesch\u00e4tzte Lesezeit":"1\u00a0Minute"},"schema":{"@context":"https:\/\/schema.org","@graph":[{"@type":"WebSite","@id":"https:\/\/www.timesharestop.be\/de\/#website","url":"https:\/\/www.timesharestop.be\/de\/","name":"Stop TimeshareStop &#039;20","description":"Timesharestop-gedupeerden verenigd","potentialAction":[{"@type":"SearchAction","target":{"@type":"EntryPoint","urlTemplate":"https:\/\/www.timesharestop.be\/de\/?s={search_term_string}"},"query-input":"required name=search_term_string"}],"inLanguage":"de"},{"@type":"WebPage","@id":"https:\/\/www.timesharestop.be\/de\/over-ons\/#webpage","url":"https:\/\/www.timesharestop.be\/de\/over-ons\/","name":"Over ons - Stop TimeshareStop &#039;20","isPartOf":{"@id":"https:\/\/www.timesharestop.be\/de\/#website"},"datePublished":"2020-04-29T14:03:31+00:00","dateModified":"2020-08-05T22:28:28+00:00","breadcrumb":{"@id":"https:\/\/www.timesharestop.be\/de\/over-ons\/#breadcrumb"},"inLanguage":"de","potentialAction":[{"@type":"ReadAction","target":["https:\/\/www.timesharestop.be\/de\/over-ons\/"]}]},{"@type":"BreadcrumbList","@id":"https:\/\/www.timesharestop.be\/de\/over-ons\/#breadcrumb","itemListElement":[{"@type":"ListItem","position":1,"name":"Home","item":"https:\/\/www.timesharestop.be\/de\/"},{"@type":"ListItem","position":2,"name":"Over ons"}]}]}},"_links":{"self":[{"href":"https:\/\/www.timesharestop.be\/de\/wp-json\/wp\/v2\/pages\/7"}],"collection":[{"href":"https:\/\/www.timesharestop.be\/de\/wp-json\/wp\/v2\/pages"}],"about":[{"href":"https:\/\/www.timesharestop.be\/de\/wp-json\/wp\/v2\/types\/page"}],"author":[{"embeddable":true,"href":"https:\/\/www.timesharestop.be\/de\/wp-json\/wp\/v2\/users\/1"}],"replies":[{"embeddable":true,"href":"https:\/\/www.timesharestop.be\/de\/wp-json\/wp\/v2\/comments?post=7"}],"version-history":[{"count":14,"href":"https:\/\/www.timesharestop.be\/de\/wp-json\/wp\/v2\/pages\/7\/revisions"}],"predecessor-version":[{"id":175,"href":"https:\/\/www.timesharestop.be\/de\/wp-json\/wp\/v2\/pages\/7\/revisions\/175"}],"wp:attachment":[{"href":"https:\/\/www.timesharestop.be\/de\/wp-json\/wp\/v2\/media?parent=7"}],"curies":[{"name":"wp","href":"https:\/\/api.w.org\/{rel}","templated":true}]}}