{"id":6,"date":"2020-04-29T14:03:31","date_gmt":"2020-04-29T14:03:31","guid":{"rendered":"http:\/\/timesharestop.be\/?page_id=6"},"modified":"2022-10-21T11:21:50","modified_gmt":"2022-10-21T11:21:50","slug":"de-nieuwe-umoma-opent-zijn-deuren-2","status":"publish","type":"page","link":"https:\/\/www.timesharestop.be\/de\/","title":{"rendered":"Home"},"content":{"rendered":"<div class=\"wp-block-group alignwide is-layout-flow wp-block-group-is-layout-flow\"><div class=\"wp-block-group__inner-container\">\n<h3 class=\"has-text-align-left wp-block-heading\">Opfer von <strong>Timesharestop-Betrug<\/strong>?<\/h3>\n<\/div><\/div>\n\n\n\n<h3 class=\"wp-block-heading\">Melden sie sich bitte an!<br><br><\/h3>\n\n\n\n<p><strong>Stop Timeshare,<\/strong> <strong>Global Timeshare Terminal <\/strong>und <strong>ImmoClaim<\/strong> sind Handelsnamen der niederl\u00e4ndischen und (im Dezember 2019 aufgegeben) belgischen Timesharestop-Unternehmen von Rob de Vos und Ewald ter Harmsel: diese Herrschaften haben sich aus dem Staub gemacht!\n Timesharestop hinterlie\u00df viele betrogene Kunden. Diese zahlten gro\u00dfz\u00fcgig f\u00fcr nicht erbrachte Leistungen. Mittlerweile haben sich mehr als 160 Opfer zusammengeschlossen und arbeiten zusammen, um zu verhindern, dass die Verantwortlichen davonkommen.<br><br>Wenn Sie auch ein Opfer sind, registrieren Sie sich und st\u00e4rken Sie die Gruppe. Melden Sie dies der Polizei, falls Sie dies noch nicht getan haben. Unsere Gruppe kann Ihnen bei der Einreichung einer Erkl\u00e4rung und weiteren Schritten helfen, die erforderlich sind, um sich von den beiden Personen hinter Timesharestop zu erholen.<br>Und: Ihre Teilnahme ist kostenlos.<br><br>Die niederl\u00e4ndische Polizei hat bereits zahlreiche Berichte gesammelt und f\u00fchrt nun internationale Ermittlungen durch!<br><br>Wir verweisen auch auf die Niederl\u00e4ndische Fernsehsendung von AVROTROS Opgelicht?! vom 7. April 2020. Das Fragment der Sendung \u00fcber Timesharestop finden Sie <a rel=\"noreferrer noopener\" href=\"https:\/\/opgelicht.avrotros.nl\/uitzending\/gemist\/item\/timesharestop-plots-verdwenen-geen-dossiers-en-geen-geld-terug\/\" target=\"_blank\"><strong>hier<\/strong><\/a>.<br><br>K\u00f6nnen Sie uns helfen? Dann w\u00fcrden wir gerne von Ihnen h\u00f6ren.<\/p>\n\n\n\n<p><\/p>\n\n\n\n<p><\/p>\n\n\n\n<p><\/p>","protected":false},"excerpt":{"rendered":"<p>Slachtoffer van Timesharestop-oplichting? Meldt u dan aan! Stop Timeshare, Global Timeshare Terminal en ImmoClaim zijn handelsnamen van de (in januari 2019 geliquideerde) Nederlandse en (in december 2019 verlaten) Belgische Timesharestop-bedrijven van Rob de Vos en Ewald ter Harmsel: deze heren zijn met de Noorderzon vertrokken! Timesharestop heeft vele gedupeerde klanten achtergelaten. Deze hebben royaal betaald [&hellip;]<\/p>","protected":false},"author":1,"featured_media":0,"parent":0,"menu_order":0,"comment_status":"closed","ping_status":"closed","template":"","meta":{"footnotes":""},"yoast_head":"<!-- This site is optimized with the Yoast SEO plugin v17.1 - https:\/\/yoast.com\/wordpress\/plugins\/seo\/ -->\n<title>Home - Stop TimeshareStop &#039;20<\/title>\n<meta name=\"robots\" content=\"index, follow, max-snippet:-1, max-image-preview:large, max-video-preview:-1\" \/>\n<link rel=\"canonical\" href=\"https:\/\/www.timesharestop.be\/de\/\" \/>\n<meta property=\"og:locale\" content=\"de_DE\" \/>\n<meta property=\"og:type\" content=\"article\" \/>\n<meta property=\"og:title\" content=\"Home - Stop TimeshareStop &#039;20\" \/>\n<meta property=\"og:description\" content=\"Slachtoffer van Timesharestop-oplichting? Meldt u dan aan! Stop Timeshare, Global Timeshare Terminal en ImmoClaim zijn handelsnamen van de (in januari 2019 geliquideerde) Nederlandse en (in december 2019 verlaten) Belgische Timesharestop-bedrijven van Rob de Vos en Ewald ter Harmsel: deze heren zijn met de Noorderzon vertrokken! Timesharestop heeft vele gedupeerde klanten achtergelaten. Deze hebben royaal betaald [&hellip;]\" \/>\n<meta property=\"og:url\" content=\"https:\/\/www.timesharestop.be\/de\/\" \/>\n<meta property=\"og:site_name\" content=\"Stop TimeshareStop &#039;20\" \/>\n<meta property=\"article:modified_time\" content=\"2022-10-21T11:21:50+00:00\" \/>\n<meta name=\"twitter:card\" content=\"summary_large_image\" \/>\n<meta name=\"twitter:label1\" content=\"Gesch\u00e4tzte Lesezeit\" \/>\n\t<meta name=\"twitter:data1\" content=\"1\u00a0Minute\" \/>\n<script type=\"application\/ld+json\" class=\"yoast-schema-graph\">{\"@context\":\"https:\/\/schema.org\",\"@graph\":[{\"@type\":\"WebSite\",\"@id\":\"https:\/\/www.timesharestop.be\/de\/#website\",\"url\":\"https:\/\/www.timesharestop.be\/de\/\",\"name\":\"Stop TimeshareStop &#039;20\",\"description\":\"Timesharestop-gedupeerden verenigd\",\"potentialAction\":[{\"@type\":\"SearchAction\",\"target\":{\"@type\":\"EntryPoint\",\"urlTemplate\":\"https:\/\/www.timesharestop.be\/de\/?s={search_term_string}\"},\"query-input\":\"required name=search_term_string\"}],\"inLanguage\":\"de\"},{\"@type\":\"WebPage\",\"@id\":\"https:\/\/www.timesharestop.be\/de\/#webpage\",\"url\":\"https:\/\/www.timesharestop.be\/de\/\",\"name\":\"Home - Stop TimeshareStop &#039;20\",\"isPartOf\":{\"@id\":\"https:\/\/www.timesharestop.be\/de\/#website\"},\"datePublished\":\"2020-04-29T14:03:31+00:00\",\"dateModified\":\"2022-10-21T11:21:50+00:00\",\"breadcrumb\":{\"@id\":\"https:\/\/www.timesharestop.be\/de\/#breadcrumb\"},\"inLanguage\":\"de\",\"potentialAction\":[{\"@type\":\"ReadAction\",\"target\":[\"https:\/\/www.timesharestop.be\/de\/\"]}]},{\"@type\":\"BreadcrumbList\",\"@id\":\"https:\/\/www.timesharestop.be\/de\/#breadcrumb\",\"itemListElement\":[{\"@type\":\"ListItem\",\"position\":1,\"name\":\"Home\",\"item\":\"https:\/\/www.timesharestop.be\/de\/\"},{\"@type\":\"ListItem\",\"position\":2,\"name\":\"Home\"}]}]}<\/script>\n<!-- \/ Yoast SEO plugin. -->","yoast_head_json":{"title":"Home - Stop TimeshareStop &#039;20","robots":{"index":"index","follow":"follow","max-snippet":"max-snippet:-1","max-image-preview":"max-image-preview:large","max-video-preview":"max-video-preview:-1"},"canonical":"https:\/\/www.timesharestop.be\/de\/","og_locale":"de_DE","og_type":"article","og_title":"Home - Stop TimeshareStop &#039;20","og_description":"Slachtoffer van Timesharestop-oplichting? Meldt u dan aan! Stop Timeshare, Global Timeshare Terminal en ImmoClaim zijn handelsnamen van de (in januari 2019 geliquideerde) Nederlandse en (in december 2019 verlaten) Belgische Timesharestop-bedrijven van Rob de Vos en Ewald ter Harmsel: deze heren zijn met de Noorderzon vertrokken! Timesharestop heeft vele gedupeerde klanten achtergelaten. Deze hebben royaal betaald [&hellip;]","og_url":"https:\/\/www.timesharestop.be\/de\/","og_site_name":"Stop TimeshareStop &#039;20","article_modified_time":"2022-10-21T11:21:50+00:00","twitter_card":"summary_large_image","twitter_misc":{"Gesch\u00e4tzte Lesezeit":"1\u00a0Minute"},"schema":{"@context":"https:\/\/schema.org","@graph":[{"@type":"WebSite","@id":"https:\/\/www.timesharestop.be\/de\/#website","url":"https:\/\/www.timesharestop.be\/de\/","name":"Stop TimeshareStop &#039;20","description":"Timesharestop-gedupeerden verenigd","potentialAction":[{"@type":"SearchAction","target":{"@type":"EntryPoint","urlTemplate":"https:\/\/www.timesharestop.be\/de\/?s={search_term_string}"},"query-input":"required name=search_term_string"}],"inLanguage":"de"},{"@type":"WebPage","@id":"https:\/\/www.timesharestop.be\/de\/#webpage","url":"https:\/\/www.timesharestop.be\/de\/","name":"Home - Stop TimeshareStop &#039;20","isPartOf":{"@id":"https:\/\/www.timesharestop.be\/de\/#website"},"datePublished":"2020-04-29T14:03:31+00:00","dateModified":"2022-10-21T11:21:50+00:00","breadcrumb":{"@id":"https:\/\/www.timesharestop.be\/de\/#breadcrumb"},"inLanguage":"de","potentialAction":[{"@type":"ReadAction","target":["https:\/\/www.timesharestop.be\/de\/"]}]},{"@type":"BreadcrumbList","@id":"https:\/\/www.timesharestop.be\/de\/#breadcrumb","itemListElement":[{"@type":"ListItem","position":1,"name":"Home","item":"https:\/\/www.timesharestop.be\/de\/"},{"@type":"ListItem","position":2,"name":"Home"}]}]}},"_links":{"self":[{"href":"https:\/\/www.timesharestop.be\/de\/wp-json\/wp\/v2\/pages\/6"}],"collection":[{"href":"https:\/\/www.timesharestop.be\/de\/wp-json\/wp\/v2\/pages"}],"about":[{"href":"https:\/\/www.timesharestop.be\/de\/wp-json\/wp\/v2\/types\/page"}],"author":[{"embeddable":true,"href":"https:\/\/www.timesharestop.be\/de\/wp-json\/wp\/v2\/users\/1"}],"replies":[{"embeddable":true,"href":"https:\/\/www.timesharestop.be\/de\/wp-json\/wp\/v2\/comments?post=6"}],"version-history":[{"count":25,"href":"https:\/\/www.timesharestop.be\/de\/wp-json\/wp\/v2\/pages\/6\/revisions"}],"predecessor-version":[{"id":186,"href":"https:\/\/www.timesharestop.be\/de\/wp-json\/wp\/v2\/pages\/6\/revisions\/186"}],"wp:attachment":[{"href":"https:\/\/www.timesharestop.be\/de\/wp-json\/wp\/v2\/media?parent=6"}],"curies":[{"name":"wp","href":"https:\/\/api.w.org\/{rel}","templated":true}]}}